{"id":134,"date":"2023-06-14T14:10:51","date_gmt":"2023-06-14T14:10:51","guid":{"rendered":"https:\/\/develop.comitecolombianodearbitraje.org\/?page_id=134"},"modified":"2023-06-14T14:51:34","modified_gmt":"2023-06-14T14:51:34","slug":"basededatos","status":"publish","type":"page","link":"https:\/\/develop.comitecolombianodearbitraje.org\/index.php\/contenidos\/basededatos\/","title":{"rendered":"Contenido &#8211; Base de datos"},"content":{"rendered":"\t\t<div data-elementor-type=\"wp-page\" data-elementor-id=\"134\" class=\"elementor elementor-134\">\n\t\t\t\t\t\t\t\t\t<section class=\"elementor-section elementor-top-section elementor-element elementor-element-ffbc05c elementor-section-boxed elementor-section-height-default elementor-section-height-default\" data-id=\"ffbc05c\" data-element_type=\"section\" data-settings=\"{&quot;background_background&quot;:&quot;classic&quot;}\">\n\t\t\t\t\t\t\t<div class=\"elementor-background-overlay\"><\/div>\n\t\t\t\t\t\t\t<div class=\"elementor-container elementor-column-gap-default\">\n\t\t\t\t\t<div class=\"elementor-column elementor-col-50 elementor-top-column elementor-element elementor-element-547ce82\" data-id=\"547ce82\" data-element_type=\"column\">\n\t\t\t<div class=\"elementor-widget-wrap elementor-element-populated\">\n\t\t\t\t\t\t\t\t<div class=\"elementor-element elementor-element-f7354eb elementor-widget-mobile__width-initial elementor-widget elementor-widget-heading\" data-id=\"f7354eb\" data-element_type=\"widget\" data-widget_type=\"heading.default\">\n\t\t\t\t<div class=\"elementor-widget-container\">\n\t\t\t<style>\/*! elementor - v3.13.3 - 28-05-2023 *\/\n.elementor-heading-title{padding:0;margin:0;line-height:1}.elementor-widget-heading .elementor-heading-title[class*=elementor-size-]>a{color:inherit;font-size:inherit;line-height:inherit}.elementor-widget-heading .elementor-heading-title.elementor-size-small{font-size:15px}.elementor-widget-heading .elementor-heading-title.elementor-size-medium{font-size:19px}.elementor-widget-heading .elementor-heading-title.elementor-size-large{font-size:29px}.elementor-widget-heading .elementor-heading-title.elementor-size-xl{font-size:39px}.elementor-widget-heading .elementor-heading-title.elementor-size-xxl{font-size:59px}<\/style><h2 class=\"elementor-heading-title elementor-size-default\"><b>Contenidos<\/b><br>Base de datos<\/h2>\t\t<\/div>\n\t\t\t\t<\/div>\n\t\t\t\t\t<\/div>\n\t\t<\/div>\n\t\t\t\t<div class=\"elementor-column elementor-col-50 elementor-top-column elementor-element elementor-element-188f497 elementor-hidden-mobile\" data-id=\"188f497\" data-element_type=\"column\">\n\t\t\t<div class=\"elementor-widget-wrap\">\n\t\t\t\t\t\t\t\t\t<\/div>\n\t\t<\/div>\n\t\t\t\t\t\t\t<\/div>\n\t\t<\/section>\n\t\t\t\t<section class=\"elementor-section elementor-top-section elementor-element elementor-element-a3adfde elementor-section-boxed elementor-section-height-default elementor-section-height-default\" data-id=\"a3adfde\" data-element_type=\"section\">\n\t\t\t\t\t\t<div class=\"elementor-container elementor-column-gap-default\">\n\t\t\t\t\t<div class=\"elementor-column elementor-col-100 elementor-top-column elementor-element elementor-element-9caf218\" data-id=\"9caf218\" data-element_type=\"column\">\n\t\t\t<div class=\"elementor-widget-wrap elementor-element-populated\">\n\t\t\t\t\t\t\t\t<div class=\"elementor-element elementor-element-edec47a elementor-widget elementor-widget-heading\" data-id=\"edec47a\" data-element_type=\"widget\" data-widget_type=\"heading.default\">\n\t\t\t\t<div class=\"elementor-widget-container\">\n\t\t\t<h2 class=\"elementor-heading-title elementor-size-default\">Sentencias judiciales y laudos m\u00e1s relevantes<\/h2>\t\t<\/div>\n\t\t\t\t<\/div>\n\t\t\t\t<div class=\"elementor-element elementor-element-502af84 elementor-widget elementor-widget-text-editor\" data-id=\"502af84\" data-element_type=\"widget\" data-widget_type=\"text-editor.default\">\n\t\t\t\t<div class=\"elementor-widget-container\">\n\t\t\t<style>\/*! elementor - v3.13.3 - 28-05-2023 *\/\n.elementor-widget-text-editor.elementor-drop-cap-view-stacked .elementor-drop-cap{background-color:#69727d;color:#fff}.elementor-widget-text-editor.elementor-drop-cap-view-framed .elementor-drop-cap{color:#69727d;border:3px solid;background-color:transparent}.elementor-widget-text-editor:not(.elementor-drop-cap-view-default) .elementor-drop-cap{margin-top:8px}.elementor-widget-text-editor:not(.elementor-drop-cap-view-default) .elementor-drop-cap-letter{width:1em;height:1em}.elementor-widget-text-editor .elementor-drop-cap{float:left;text-align:center;line-height:1;font-size:50px}.elementor-widget-text-editor .elementor-drop-cap-letter{display:inline-block}<\/style>\t\t\t\t<p><span style=\"font-weight: 400;\">La Base de Datos es un repositorio que alberga las sentencias judiciales y laudos m\u00e1s relevantes en materia de arbitraje en el pa\u00eds. Esta base de datos constituye una herramienta fundamental para conocer los precedentes y las decisiones clave que han moldeado el panorama arbitral en Colombia. Explora las sentencias y laudos m\u00e1s destacados, y obt\u00e9n una visi\u00f3n completa de los casos y las tendencias que han marcado la evoluci\u00f3n del arbitraje en nuestro pa\u00eds.<\/span><\/p>\t\t\t\t\t\t<\/div>\n\t\t\t\t<\/div>\n\t\t\t\t\t<\/div>\n\t\t<\/div>\n\t\t\t\t\t\t\t<\/div>\n\t\t<\/section>\n\t\t\t\t<section class=\"elementor-section elementor-top-section elementor-element elementor-element-dbfcaed elementor-section-boxed elementor-section-height-default elementor-section-height-default\" data-id=\"dbfcaed\" data-element_type=\"section\">\n\t\t\t\t\t\t<div class=\"elementor-container elementor-column-gap-default\">\n\t\t\t\t\t<div class=\"elementor-column elementor-col-100 elementor-top-column elementor-element elementor-element-6e21603\" data-id=\"6e21603\" data-element_type=\"column\">\n\t\t\t<div class=\"elementor-widget-wrap elementor-element-populated\">\n\t\t\t\t\t\t\t\t<div class=\"elementor-element elementor-element-b1a622a elementor-grid-3 elementor-grid-tablet-2 elementor-grid-mobile-1 elementor-posts--thumbnail-top elementor-posts__hover-gradient elementor-widget elementor-widget-posts\" data-id=\"b1a622a\" data-element_type=\"widget\" data-settings=\"{&quot;cards_columns&quot;:&quot;3&quot;,&quot;cards_columns_tablet&quot;:&quot;2&quot;,&quot;cards_columns_mobile&quot;:&quot;1&quot;,&quot;cards_row_gap&quot;:{&quot;unit&quot;:&quot;px&quot;,&quot;size&quot;:35,&quot;sizes&quot;:[]},&quot;cards_row_gap_tablet&quot;:{&quot;unit&quot;:&quot;px&quot;,&quot;size&quot;:&quot;&quot;,&quot;sizes&quot;:[]},&quot;cards_row_gap_mobile&quot;:{&quot;unit&quot;:&quot;px&quot;,&quot;size&quot;:&quot;&quot;,&quot;sizes&quot;:[]}}\" data-widget_type=\"posts.cards\">\n\t\t\t\t<div class=\"elementor-widget-container\">\n\t\t\t<link rel=\"stylesheet\" href=\"https:\/\/develop.comitecolombianodearbitraje.org\/wp-content\/plugins\/elementor-pro\/assets\/css\/widget-posts.min.css\">\t\t<div class=\"elementor-posts-container elementor-posts elementor-posts--skin-cards elementor-grid\">\n\t\t\t\t<article class=\"elementor-post elementor-grid-item post-211 post type-post status-publish format-standard has-post-thumbnail hentry category-articulos tag-articulo-academico\">\n\t\t\t<div class=\"elementor-post__card\">\n\t\t\t\t<a class=\"elementor-post__thumbnail__link\" href=\"https:\/\/develop.comitecolombianodearbitraje.org\/index.php\/2018\/07\/09\/laleyendaurbanasobrelaejecutoriadellaudo\/\" ><div class=\"elementor-post__thumbnail\"><img width=\"300\" height=\"200\" src=\"https:\/\/develop.comitecolombianodearbitraje.org\/wp-content\/uploads\/2018\/07\/pile-colorful-magazines-table-300x200.jpeg\" class=\"attachment-medium size-medium wp-image-225\" alt=\"\" decoding=\"async\" loading=\"lazy\" srcset=\"https:\/\/develop.comitecolombianodearbitraje.org\/wp-content\/uploads\/2018\/07\/pile-colorful-magazines-table-300x200.jpeg 300w, https:\/\/develop.comitecolombianodearbitraje.org\/wp-content\/uploads\/2018\/07\/pile-colorful-magazines-table-768x512.jpeg 768w, https:\/\/develop.comitecolombianodearbitraje.org\/wp-content\/uploads\/2018\/07\/pile-colorful-magazines-table.jpeg 1000w\" sizes=\"(max-width: 300px) 100vw, 300px\" \/><\/div><\/a>\n\t\t\t\t<div class=\"elementor-post__text\">\n\t\t\t\t<h3 class=\"elementor-post__title\">\n\t\t\t<a href=\"https:\/\/develop.comitecolombianodearbitraje.org\/index.php\/2018\/07\/09\/laleyendaurbanasobrelaejecutoriadellaudo\/\" >\n\t\t\t\tLa Leyenda Urbana sobre la Ejecutoria del Laudo\t\t\t<\/a>\n\t\t<\/h3>\n\t\t\t\t<div class=\"elementor-post__excerpt\">\n\t\t\t<p>El doctor Jos\u00e9 Fernando Ram\u00edrez G\u00f3mez analiza el proceso de ejecutoria de un laudo arbitral en el contexto de la aplicaci\u00f3n del art\u00edculo 302  C\u00f3digo General del Proceso en Colombia. El autor argumenta que la forma en que se establece la ejecutoria del laudo no es adecuada para casos en los que se utiliza este recurso y menciona la importancia de investigar el impacto de la impugnaci\u00f3n del laudo en la formaci\u00f3n de la cosa juzgada.<\/p>\n\t\t<\/div>\n\t\t\n\t\t<a class=\"elementor-post__read-more\" href=\"https:\/\/develop.comitecolombianodearbitraje.org\/index.php\/2018\/07\/09\/laleyendaurbanasobrelaejecutoriadellaudo\/\" aria-label=\"Read more about La Leyenda Urbana sobre la Ejecutoria del Laudo\" >\n\t\t\tLeer m\u00e1s \u00bb\t\t<\/a>\n\n\t\t\t\t<\/div>\n\t\t\t\t<div class=\"elementor-post__meta-data\">\n\t\t\t\t\t<span class=\"elementor-post-date\">\n\t\t\t9 de julio de 2018\t\t<\/span>\n\t\t\t\t<span class=\"elementor-post-avatar\">\n\t\t\tNo hay comentarios\t\t<\/span>\n\t\t\t\t<\/div>\n\t\t\t\t\t<\/div>\n\t\t<\/article>\n\t\t\t\t<article class=\"elementor-post elementor-grid-item post-239 post type-post status-publish format-standard has-post-thumbnail hentry category-articulos tag-noticias-de-actualidad\">\n\t\t\t<div class=\"elementor-post__card\">\n\t\t\t\t<a class=\"elementor-post__thumbnail__link\" href=\"https:\/\/develop.comitecolombianodearbitraje.org\/index.php\/2018\/05\/29\/directiva-presidencial-no-04-de-2018-politicas-en-materia-arbitral\/\" ><div class=\"elementor-post__thumbnail\"><img width=\"300\" height=\"200\" src=\"https:\/\/develop.comitecolombianodearbitraje.org\/wp-content\/uploads\/2018\/07\/law-theme-mallet-judge-wooden-desk-books-300x200.jpeg\" class=\"attachment-medium size-medium wp-image-229\" alt=\"\" decoding=\"async\" loading=\"lazy\" srcset=\"https:\/\/develop.comitecolombianodearbitraje.org\/wp-content\/uploads\/2018\/07\/law-theme-mallet-judge-wooden-desk-books-300x200.jpeg 300w, https:\/\/develop.comitecolombianodearbitraje.org\/wp-content\/uploads\/2018\/07\/law-theme-mallet-judge-wooden-desk-books-768x512.jpeg 768w, https:\/\/develop.comitecolombianodearbitraje.org\/wp-content\/uploads\/2018\/07\/law-theme-mallet-judge-wooden-desk-books.jpeg 1000w\" sizes=\"(max-width: 300px) 100vw, 300px\" \/><\/div><\/a>\n\t\t\t\t<div class=\"elementor-post__text\">\n\t\t\t\t<h3 class=\"elementor-post__title\">\n\t\t\t<a href=\"https:\/\/develop.comitecolombianodearbitraje.org\/index.php\/2018\/05\/29\/directiva-presidencial-no-04-de-2018-politicas-en-materia-arbitral\/\" >\n\t\t\t\tDirectiva Presidencial No. 04 de 2018 &#8211; \u201cPol\u00edticas en Materia Arbitral\u201d\t\t\t<\/a>\n\t\t<\/h3>\n\t\t\t\t<div class=\"elementor-post__excerpt\">\n\t\t\t<p>El pasado viernes, 18 de mayo de 2018, se expidi\u00f3 la Directiva Presidencial No. 04 \u201cPol\u00edticas en Materia Arbitral\u201d que derog\u00f3, expresamente, la Directiva Presidencial N\u00famero 03 del 23 de diciembre de 2015.<\/p>\n\t\t<\/div>\n\t\t\n\t\t<a class=\"elementor-post__read-more\" href=\"https:\/\/develop.comitecolombianodearbitraje.org\/index.php\/2018\/05\/29\/directiva-presidencial-no-04-de-2018-politicas-en-materia-arbitral\/\" aria-label=\"Read more about Directiva Presidencial No. 04 de 2018 &#8211; \u201cPol\u00edticas en Materia Arbitral\u201d\" >\n\t\t\tLeer m\u00e1s \u00bb\t\t<\/a>\n\n\t\t\t\t<\/div>\n\t\t\t\t<div class=\"elementor-post__meta-data\">\n\t\t\t\t\t<span class=\"elementor-post-date\">\n\t\t\t29 de mayo de 2018\t\t<\/span>\n\t\t\t\t<span class=\"elementor-post-avatar\">\n\t\t\tNo hay comentarios\t\t<\/span>\n\t\t\t\t<\/div>\n\t\t\t\t\t<\/div>\n\t\t<\/article>\n\t\t\t\t<\/div>\n\t\t\n\t\t\t\t<\/div>\n\t\t\t\t<\/div>\n\t\t\t\t\t<\/div>\n\t\t<\/div>\n\t\t\t\t\t\t\t<\/div>\n\t\t<\/section>\n\t\t\t\t<section class=\"elementor-section elementor-top-section elementor-element elementor-element-ecad25e elementor-section-boxed elementor-section-height-default elementor-section-height-default\" data-id=\"ecad25e\" data-element_type=\"section\" data-settings=\"{&quot;background_background&quot;:&quot;gradient&quot;}\">\n\t\t\t\t\t\t<div class=\"elementor-container elementor-column-gap-default\">\n\t\t\t\t\t<div class=\"elementor-column elementor-col-50 elementor-top-column elementor-element elementor-element-cd581e6\" data-id=\"cd581e6\" data-element_type=\"column\">\n\t\t\t<div class=\"elementor-widget-wrap elementor-element-populated\">\n\t\t\t\t\t\t\t\t<div class=\"elementor-element elementor-element-3613c62 elementor-widget elementor-widget-heading\" data-id=\"3613c62\" data-element_type=\"widget\" data-widget_type=\"heading.default\">\n\t\t\t\t<div class=\"elementor-widget-container\">\n\t\t\t<h2 class=\"elementor-heading-title elementor-size-default\">\u00bfNecesita contactarnos?<\/h2>\t\t<\/div>\n\t\t\t\t<\/div>\n\t\t\t\t<div class=\"elementor-element elementor-element-858620f elementor-widget__width-initial elementor-widget elementor-widget-text-editor\" data-id=\"858620f\" data-element_type=\"widget\" data-widget_type=\"text-editor.default\">\n\t\t\t\t<div class=\"elementor-widget-container\">\n\t\t\t\t\t\t\t<p>P\u00f3ngase en contacto con nosotros por medio de nuestro correo electr\u00f3nico, y pronto una persona de nuestro equipo atender\u00e1 su solicitud.<\/p>\t\t\t\t\t\t<\/div>\n\t\t\t\t<\/div>\n\t\t\t\t\t<\/div>\n\t\t<\/div>\n\t\t\t\t<div class=\"elementor-column elementor-col-50 elementor-top-column elementor-element elementor-element-27861d2\" data-id=\"27861d2\" data-element_type=\"column\">\n\t\t\t<div class=\"elementor-widget-wrap elementor-element-populated\">\n\t\t\t\t\t\t\t\t<div class=\"elementor-element elementor-element-17a03f6 elementor-hidden-tablet elementor-hidden-mobile elementor-align-center elementor-widget elementor-widget-button\" data-id=\"17a03f6\" data-element_type=\"widget\" data-widget_type=\"button.default\">\n\t\t\t\t<div class=\"elementor-widget-container\">\n\t\t\t\t\t<div class=\"elementor-button-wrapper\">\n\t\t\t<a href=\"#\" class=\"elementor-button-link elementor-button elementor-size-lg\" role=\"button\">\n\t\t\t\t\t\t<span class=\"elementor-button-content-wrapper\">\n\t\t\t\t\t\t\t<span class=\"elementor-button-icon elementor-align-icon-left\">\n\t\t\t\t<i aria-hidden=\"true\" class=\"far fa-envelope\"><\/i>\t\t\t<\/span>\n\t\t\t\t\t\t<span class=\"elementor-button-text\">Cont\u00e1ctenos<\/span>\n\t\t<\/span>\n\t\t\t\t\t<\/a>\n\t\t<\/div>\n\t\t\t\t<\/div>\n\t\t\t\t<\/div>\n\t\t\t\t\t<\/div>\n\t\t<\/div>\n\t\t\t\t\t\t\t<\/div>\n\t\t<\/section>\n\t\t\t\t\t\t\t<\/div>\n\t\t","protected":false},"excerpt":{"rendered":"<p>ContenidosBase de datos Sentencias judiciales y laudos m\u00e1s relevantes La Base de Datos es un repositorio que alberga las sentencias judiciales y laudos m\u00e1s relevantes en materia de arbitraje en el pa\u00eds. Esta base de datos constituye una herramienta fundamental para conocer los precedentes y las decisiones clave que han moldeado el panorama arbitral en [&hellip;]<\/p>\n","protected":false},"author":1,"featured_media":0,"parent":100,"menu_order":0,"comment_status":"closed","ping_status":"closed","template":"elementor_header_footer","meta":[],"_links":{"self":[{"href":"https:\/\/develop.comitecolombianodearbitraje.org\/index.php\/wp-json\/wp\/v2\/pages\/134"}],"collection":[{"href":"https:\/\/develop.comitecolombianodearbitraje.org\/index.php\/wp-json\/wp\/v2\/pages"}],"about":[{"href":"https:\/\/develop.comitecolombianodearbitraje.org\/index.php\/wp-json\/wp\/v2\/types\/page"}],"author":[{"embeddable":true,"href":"https:\/\/develop.comitecolombianodearbitraje.org\/index.php\/wp-json\/wp\/v2\/users\/1"}],"replies":[{"embeddable":true,"href":"https:\/\/develop.comitecolombianodearbitraje.org\/index.php\/wp-json\/wp\/v2\/comments?post=134"}],"version-history":[{"count":29,"href":"https:\/\/develop.comitecolombianodearbitraje.org\/index.php\/wp-json\/wp\/v2\/pages\/134\/revisions"}],"predecessor-version":[{"id":210,"href":"https:\/\/develop.comitecolombianodearbitraje.org\/index.php\/wp-json\/wp\/v2\/pages\/134\/revisions\/210"}],"up":[{"embeddable":true,"href":"https:\/\/develop.comitecolombianodearbitraje.org\/index.php\/wp-json\/wp\/v2\/pages\/100"}],"wp:attachment":[{"href":"https:\/\/develop.comitecolombianodearbitraje.org\/index.php\/wp-json\/wp\/v2\/media?parent=134"}],"curies":[{"name":"wp","href":"https:\/\/api.w.org\/{rel}","templated":true}]}}