{"id":117,"date":"2023-06-14T13:51:38","date_gmt":"2023-06-14T13:51:38","guid":{"rendered":"https:\/\/develop.comitecolombianodearbitraje.org\/?page_id=117"},"modified":"2023-06-14T16:04:36","modified_gmt":"2023-06-14T16:04:36","slug":"articulos","status":"publish","type":"page","link":"https:\/\/develop.comitecolombianodearbitraje.org\/index.php\/contenidos\/articulos\/","title":{"rendered":"Contenido &#8211; Art\u00edculos"},"content":{"rendered":"\t\t<div data-elementor-type=\"wp-page\" data-elementor-id=\"117\" class=\"elementor elementor-117\">\n\t\t\t\t\t\t\t\t\t<section class=\"elementor-section elementor-top-section elementor-element elementor-element-f3d8ea2 elementor-section-boxed elementor-section-height-default elementor-section-height-default\" data-id=\"f3d8ea2\" data-element_type=\"section\" data-settings=\"{&quot;background_background&quot;:&quot;classic&quot;}\">\n\t\t\t\t\t\t\t<div class=\"elementor-background-overlay\"><\/div>\n\t\t\t\t\t\t\t<div class=\"elementor-container elementor-column-gap-default\">\n\t\t\t\t\t<div class=\"elementor-column elementor-col-50 elementor-top-column elementor-element elementor-element-8caecba\" data-id=\"8caecba\" data-element_type=\"column\">\n\t\t\t<div class=\"elementor-widget-wrap elementor-element-populated\">\n\t\t\t\t\t\t\t\t<div class=\"elementor-element elementor-element-c89d656 elementor-widget-mobile__width-initial elementor-widget elementor-widget-heading\" data-id=\"c89d656\" data-element_type=\"widget\" data-widget_type=\"heading.default\">\n\t\t\t\t<div class=\"elementor-widget-container\">\n\t\t\t<style>\/*! elementor - v3.13.3 - 28-05-2023 *\/\n.elementor-heading-title{padding:0;margin:0;line-height:1}.elementor-widget-heading .elementor-heading-title[class*=elementor-size-]>a{color:inherit;font-size:inherit;line-height:inherit}.elementor-widget-heading .elementor-heading-title.elementor-size-small{font-size:15px}.elementor-widget-heading .elementor-heading-title.elementor-size-medium{font-size:19px}.elementor-widget-heading .elementor-heading-title.elementor-size-large{font-size:29px}.elementor-widget-heading .elementor-heading-title.elementor-size-xl{font-size:39px}.elementor-widget-heading .elementor-heading-title.elementor-size-xxl{font-size:59px}<\/style><h2 class=\"elementor-heading-title elementor-size-default\"><b>Contenidos<\/b><br>Art\u00edculos<\/h2>\t\t<\/div>\n\t\t\t\t<\/div>\n\t\t\t\t\t<\/div>\n\t\t<\/div>\n\t\t\t\t<div class=\"elementor-column elementor-col-50 elementor-top-column elementor-element elementor-element-ac2db7d elementor-hidden-mobile\" data-id=\"ac2db7d\" data-element_type=\"column\">\n\t\t\t<div class=\"elementor-widget-wrap\">\n\t\t\t\t\t\t\t\t\t<\/div>\n\t\t<\/div>\n\t\t\t\t\t\t\t<\/div>\n\t\t<\/section>\n\t\t\t\t<section class=\"elementor-section elementor-top-section elementor-element elementor-element-a3adfde elementor-section-boxed elementor-section-height-default elementor-section-height-default\" data-id=\"a3adfde\" data-element_type=\"section\">\n\t\t\t\t\t\t<div class=\"elementor-container elementor-column-gap-default\">\n\t\t\t\t\t<div class=\"elementor-column elementor-col-100 elementor-top-column elementor-element elementor-element-9caf218\" data-id=\"9caf218\" data-element_type=\"column\">\n\t\t\t<div class=\"elementor-widget-wrap elementor-element-populated\">\n\t\t\t\t\t\t\t\t<div class=\"elementor-element elementor-element-edec47a elementor-widget elementor-widget-heading\" data-id=\"edec47a\" data-element_type=\"widget\" data-widget_type=\"heading.default\">\n\t\t\t\t<div class=\"elementor-widget-container\">\n\t\t\t<h2 class=\"elementor-heading-title elementor-size-default\">\u00a1Lea y comparta nuestros art\u00edculos!<\/h2>\t\t<\/div>\n\t\t\t\t<\/div>\n\t\t\t\t<div class=\"elementor-element elementor-element-502af84 elementor-widget elementor-widget-text-editor\" data-id=\"502af84\" data-element_type=\"widget\" data-widget_type=\"text-editor.default\">\n\t\t\t\t<div class=\"elementor-widget-container\">\n\t\t\t<style>\/*! elementor - v3.13.3 - 28-05-2023 *\/\n.elementor-widget-text-editor.elementor-drop-cap-view-stacked .elementor-drop-cap{background-color:#69727d;color:#fff}.elementor-widget-text-editor.elementor-drop-cap-view-framed .elementor-drop-cap{color:#69727d;border:3px solid;background-color:transparent}.elementor-widget-text-editor:not(.elementor-drop-cap-view-default) .elementor-drop-cap{margin-top:8px}.elementor-widget-text-editor:not(.elementor-drop-cap-view-default) .elementor-drop-cap-letter{width:1em;height:1em}.elementor-widget-text-editor .elementor-drop-cap{float:left;text-align:center;line-height:1;font-size:50px}.elementor-widget-text-editor .elementor-drop-cap-letter{display:inline-block}<\/style>\t\t\t\t<p><span style=\"font-weight: 400;\">En esta secci\u00f3n selecci\u00f3n agrupamos una serie de documentos en los que destacados expertos y profesionales del arbitraje nacional e internacional, miembros del Comit\u00e9 Colombiano de Arbitraje, comparten sus conocimientos, an\u00e1lisis y perspectivas sobre diversos aspectos de esta disciplina. Estos art\u00edculos constituyen una valiosa fuente de informaci\u00f3n para aquellos interesados en adentrarse en los entresijos del arbitraje. Aqu\u00ed encontrar\u00e1s discusiones detalladas sobre los principios fundamentales del arbitraje, las tendencias y desarrollos m\u00e1s recientes en la materia, as\u00ed como tambi\u00e9n an\u00e1lisis cr\u00edticos de casos emblem\u00e1ticos y desaf\u00edos jur\u00eddicos que se presentan en el ejercicio de esta pr\u00e1ctica<\/span><\/p>\t\t\t\t\t\t<\/div>\n\t\t\t\t<\/div>\n\t\t\t\t\t<\/div>\n\t\t<\/div>\n\t\t\t\t\t\t\t<\/div>\n\t\t<\/section>\n\t\t\t\t<section class=\"elementor-section elementor-top-section elementor-element elementor-element-dbfcaed elementor-section-boxed elementor-section-height-default elementor-section-height-default\" data-id=\"dbfcaed\" data-element_type=\"section\">\n\t\t\t\t\t\t<div class=\"elementor-container elementor-column-gap-default\">\n\t\t\t\t\t<div class=\"elementor-column elementor-col-100 elementor-top-column elementor-element elementor-element-6e21603\" data-id=\"6e21603\" data-element_type=\"column\">\n\t\t\t<div class=\"elementor-widget-wrap elementor-element-populated\">\n\t\t\t\t\t\t\t\t<div class=\"elementor-element elementor-element-c4cddab elementor-grid-eael-col-3 elementor-grid-tablet-eael-col-2 elementor-grid-mobile-eael-col-1 elementor-widget elementor-widget-eael-post-grid\" data-id=\"c4cddab\" data-element_type=\"widget\" data-settings=\"{&quot;eael_post_grid_columns&quot;:&quot;eael-col-3&quot;,&quot;eael_post_grid_columns_tablet&quot;:&quot;eael-col-2&quot;,&quot;eael_post_grid_columns_mobile&quot;:&quot;eael-col-1&quot;}\" data-widget_type=\"eael-post-grid.default\">\n\t\t\t\t<div class=\"elementor-widget-container\">\n\t\t\t<div id=\"eael-post-grid-c4cddab\" class=\"eael-post-grid-container\">\n            <div class=\"eael-post-grid eael-post-appender eael-post-appender-c4cddab eael-post-grid-style-default\" data-layout-mode=\"grid\"><article class=\"eael-grid-post eael-post-grid-column\" data-id=\"211\">\n        <div class=\"eael-grid-post-holder\">\n            <div class=\"eael-grid-post-holder-inner\"><div class=\"eael-entry-media\"><div class=\"eael-entry-overlay fade-in\"><i class=\"fas fa-long-arrow-alt-right\" aria-hidden=\"true\"><\/i><a href=\"https:\/\/develop.comitecolombianodearbitraje.org\/index.php\/2018\/07\/09\/laleyendaurbanasobrelaejecutoriadellaudo\/\"><\/a><\/div><div class=\"eael-entry-thumbnail \">\n                <img width=\"300\" height=\"200\" src=\"https:\/\/develop.comitecolombianodearbitraje.org\/wp-content\/uploads\/2018\/07\/pile-colorful-magazines-table-300x200.jpeg\" class=\"attachment-medium size-medium wp-image-225\" alt=\"\" decoding=\"async\" loading=\"lazy\" srcset=\"https:\/\/develop.comitecolombianodearbitraje.org\/wp-content\/uploads\/2018\/07\/pile-colorful-magazines-table-300x200.jpeg 300w, https:\/\/develop.comitecolombianodearbitraje.org\/wp-content\/uploads\/2018\/07\/pile-colorful-magazines-table-768x512.jpeg 768w, https:\/\/develop.comitecolombianodearbitraje.org\/wp-content\/uploads\/2018\/07\/pile-colorful-magazines-table.jpeg 1000w\" sizes=\"(max-width: 300px) 100vw, 300px\" \/>\n            <\/div>\n        <\/div><div class=\"eael-entry-wrapper\"><header class=\"eael-entry-header\"><h2 class=\"eael-entry-title\"><a\n                        class=\"eael-grid-post-link\"\n                        href=\"https:\/\/develop.comitecolombianodearbitraje.org\/index.php\/2018\/07\/09\/laleyendaurbanasobrelaejecutoriadellaudo\/\"\n                        title=\"La Leyenda Urbana sobre la Ejecutoria del Laudo\">La Leyenda Urbana sobre la Ejecutoria del Laudo<\/a><\/h2><\/header><div class=\"eael-entry-content\">\n                        <div class=\"eael-grid-post-excerpt\"><p>El doctor Jos\u00e9 Fernando Ram\u00edrez G\u00f3mez analiza el proceso de ejecutoria de un laudo arbitral en el contexto de la aplicaci\u00f3n del art\u00edculo 302 C\u00f3digo General del Proceso en Colombia. El autor argumenta que la forma...<\/p><a\n                            href=\"https:\/\/develop.comitecolombianodearbitraje.org\/index.php\/2018\/07\/09\/laleyendaurbanasobrelaejecutoriadellaudo\/\"\n                            class=\"eael-post-elements-readmore-btn\">Leer m\u00e1s<\/a><\/div>\n                    <\/div><div class=\"eael-entry-footer\"><div class=\"eael-entry-meta\"><span class=\"eael-posted-on\"><time datetime=\"9 de julio de 2018\">9 de julio de 2018<\/time><\/span><\/div><\/div><\/div><\/div>\n        <\/div>\n    <\/article><article class=\"eael-grid-post eael-post-grid-column\" data-id=\"239\">\n        <div class=\"eael-grid-post-holder\">\n            <div class=\"eael-grid-post-holder-inner\"><div class=\"eael-entry-media\"><div class=\"eael-entry-overlay fade-in\"><i class=\"fas fa-long-arrow-alt-right\" aria-hidden=\"true\"><\/i><a href=\"https:\/\/develop.comitecolombianodearbitraje.org\/index.php\/2018\/05\/29\/directiva-presidencial-no-04-de-2018-politicas-en-materia-arbitral\/\"><\/a><\/div><div class=\"eael-entry-thumbnail \">\n                <img width=\"300\" height=\"200\" src=\"https:\/\/develop.comitecolombianodearbitraje.org\/wp-content\/uploads\/2018\/07\/law-theme-mallet-judge-wooden-desk-books-300x200.jpeg\" class=\"attachment-medium size-medium wp-image-229\" alt=\"\" decoding=\"async\" loading=\"lazy\" srcset=\"https:\/\/develop.comitecolombianodearbitraje.org\/wp-content\/uploads\/2018\/07\/law-theme-mallet-judge-wooden-desk-books-300x200.jpeg 300w, https:\/\/develop.comitecolombianodearbitraje.org\/wp-content\/uploads\/2018\/07\/law-theme-mallet-judge-wooden-desk-books-768x512.jpeg 768w, https:\/\/develop.comitecolombianodearbitraje.org\/wp-content\/uploads\/2018\/07\/law-theme-mallet-judge-wooden-desk-books.jpeg 1000w\" sizes=\"(max-width: 300px) 100vw, 300px\" \/>\n            <\/div>\n        <\/div><div class=\"eael-entry-wrapper\"><header class=\"eael-entry-header\"><h2 class=\"eael-entry-title\"><a\n                        class=\"eael-grid-post-link\"\n                        href=\"https:\/\/develop.comitecolombianodearbitraje.org\/index.php\/2018\/05\/29\/directiva-presidencial-no-04-de-2018-politicas-en-materia-arbitral\/\"\n                        title=\"Directiva Presidencial No. 04 de 2018 &#8211; \u201cPol\u00edticas en Materia Arbitral\u201d\">Directiva Presidencial No. 04 de 2018 &#8211; \u201cPol\u00edticas en Materia Arbitral\u201d<\/a><\/h2><\/header><div class=\"eael-entry-content\">\n                        <div class=\"eael-grid-post-excerpt\"><p>El pasado viernes, 18 de mayo de 2018, se expidi\u00f3 la Directiva Presidencial No. 04 \u201cPol\u00edticas en Materia Arbitral\u201d que derog\u00f3, expresamente, la Directiva Presidencial N\u00famero 03 del 23 de diciembre de 2015.<\/p><a\n                            href=\"https:\/\/develop.comitecolombianodearbitraje.org\/index.php\/2018\/05\/29\/directiva-presidencial-no-04-de-2018-politicas-en-materia-arbitral\/\"\n                            class=\"eael-post-elements-readmore-btn\">Leer m\u00e1s<\/a><\/div>\n                    <\/div><div class=\"eael-entry-footer\"><div class=\"eael-entry-meta\"><span class=\"eael-posted-on\"><time datetime=\"29 de mayo de 2018\">29 de mayo de 2018<\/time><\/span><\/div><\/div><\/div><\/div>\n        <\/div>\n    <\/article><\/div>\n            <div class=\"clearfix\"><\/div>\n        <\/div>\t\t<\/div>\n\t\t\t\t<\/div>\n\t\t\t\t\t<\/div>\n\t\t<\/div>\n\t\t\t\t\t\t\t<\/div>\n\t\t<\/section>\n\t\t\t\t<section class=\"elementor-section elementor-top-section elementor-element elementor-element-ecad25e elementor-section-boxed elementor-section-height-default elementor-section-height-default\" data-id=\"ecad25e\" data-element_type=\"section\" data-settings=\"{&quot;background_background&quot;:&quot;gradient&quot;}\">\n\t\t\t\t\t\t<div class=\"elementor-container elementor-column-gap-default\">\n\t\t\t\t\t<div class=\"elementor-column elementor-col-50 elementor-top-column elementor-element elementor-element-cd581e6\" data-id=\"cd581e6\" data-element_type=\"column\">\n\t\t\t<div class=\"elementor-widget-wrap elementor-element-populated\">\n\t\t\t\t\t\t\t\t<div class=\"elementor-element elementor-element-3613c62 elementor-widget elementor-widget-heading\" data-id=\"3613c62\" data-element_type=\"widget\" data-widget_type=\"heading.default\">\n\t\t\t\t<div class=\"elementor-widget-container\">\n\t\t\t<h2 class=\"elementor-heading-title elementor-size-default\">\u00bfNecesita contactarnos?<\/h2>\t\t<\/div>\n\t\t\t\t<\/div>\n\t\t\t\t<div class=\"elementor-element elementor-element-858620f elementor-widget__width-initial elementor-widget elementor-widget-text-editor\" data-id=\"858620f\" data-element_type=\"widget\" data-widget_type=\"text-editor.default\">\n\t\t\t\t<div class=\"elementor-widget-container\">\n\t\t\t\t\t\t\t<p>P\u00f3ngase en contacto con nosotros por medio de nuestro correo electr\u00f3nico, y pronto una persona de nuestro equipo atender\u00e1 su solicitud.<\/p>\t\t\t\t\t\t<\/div>\n\t\t\t\t<\/div>\n\t\t\t\t\t<\/div>\n\t\t<\/div>\n\t\t\t\t<div class=\"elementor-column elementor-col-50 elementor-top-column elementor-element elementor-element-27861d2\" data-id=\"27861d2\" data-element_type=\"column\">\n\t\t\t<div class=\"elementor-widget-wrap elementor-element-populated\">\n\t\t\t\t\t\t\t\t<div class=\"elementor-element elementor-element-17a03f6 elementor-hidden-tablet elementor-hidden-mobile elementor-align-center elementor-widget elementor-widget-button\" data-id=\"17a03f6\" data-element_type=\"widget\" data-widget_type=\"button.default\">\n\t\t\t\t<div class=\"elementor-widget-container\">\n\t\t\t\t\t<div class=\"elementor-button-wrapper\">\n\t\t\t<a href=\"#\" class=\"elementor-button-link elementor-button elementor-size-lg\" role=\"button\">\n\t\t\t\t\t\t<span class=\"elementor-button-content-wrapper\">\n\t\t\t\t\t\t\t<span class=\"elementor-button-icon elementor-align-icon-left\">\n\t\t\t\t<i aria-hidden=\"true\" class=\"far fa-envelope\"><\/i>\t\t\t<\/span>\n\t\t\t\t\t\t<span class=\"elementor-button-text\">Cont\u00e1ctenos<\/span>\n\t\t<\/span>\n\t\t\t\t\t<\/a>\n\t\t<\/div>\n\t\t\t\t<\/div>\n\t\t\t\t<\/div>\n\t\t\t\t\t<\/div>\n\t\t<\/div>\n\t\t\t\t\t\t\t<\/div>\n\t\t<\/section>\n\t\t\t\t\t\t\t<\/div>\n\t\t","protected":false},"excerpt":{"rendered":"<p>ContenidosArt\u00edculos \u00a1Lea y comparta nuestros art\u00edculos! En esta secci\u00f3n selecci\u00f3n agrupamos una serie de documentos en los que destacados expertos y profesionales del arbitraje nacional e internacional, miembros del Comit\u00e9 Colombiano de Arbitraje, comparten sus conocimientos, an\u00e1lisis y perspectivas sobre diversos aspectos de esta disciplina. Estos art\u00edculos constituyen una valiosa fuente de informaci\u00f3n para aquellos [&hellip;]<\/p>\n","protected":false},"author":1,"featured_media":0,"parent":100,"menu_order":0,"comment_status":"closed","ping_status":"closed","template":"elementor_header_footer","meta":[],"_links":{"self":[{"href":"https:\/\/develop.comitecolombianodearbitraje.org\/index.php\/wp-json\/wp\/v2\/pages\/117"}],"collection":[{"href":"https:\/\/develop.comitecolombianodearbitraje.org\/index.php\/wp-json\/wp\/v2\/pages"}],"about":[{"href":"https:\/\/develop.comitecolombianodearbitraje.org\/index.php\/wp-json\/wp\/v2\/types\/page"}],"author":[{"embeddable":true,"href":"https:\/\/develop.comitecolombianodearbitraje.org\/index.php\/wp-json\/wp\/v2\/users\/1"}],"replies":[{"embeddable":true,"href":"https:\/\/develop.comitecolombianodearbitraje.org\/index.php\/wp-json\/wp\/v2\/comments?post=117"}],"version-history":[{"count":13,"href":"https:\/\/develop.comitecolombianodearbitraje.org\/index.php\/wp-json\/wp\/v2\/pages\/117\/revisions"}],"predecessor-version":[{"id":247,"href":"https:\/\/develop.comitecolombianodearbitraje.org\/index.php\/wp-json\/wp\/v2\/pages\/117\/revisions\/247"}],"up":[{"embeddable":true,"href":"https:\/\/develop.comitecolombianodearbitraje.org\/index.php\/wp-json\/wp\/v2\/pages\/100"}],"wp:attachment":[{"href":"https:\/\/develop.comitecolombianodearbitraje.org\/index.php\/wp-json\/wp\/v2\/media?parent=117"}],"curies":[{"name":"wp","href":"https:\/\/api.w.org\/{rel}","templated":true}]}}